{"id":27136,"date":"2023-09-26T08:24:30","date_gmt":"2023-09-26T08:24:30","guid":{"rendered":"https:\/\/www.fia.cat\/aviso-legal\/"},"modified":"2023-12-19T09:31:33","modified_gmt":"2023-12-19T09:31:33","slug":"aviso-legal","status":"publish","type":"page","link":"https:\/\/www.fia.cat\/es\/aviso-legal\/","title":{"rendered":"Aviso legal"},"content":{"rendered":"<div class=\"wpb-content-wrapper\"><p>[vc_row full_width=&#8221;stretch_row&#8221; content_placement=&#8221;middle&#8221; css=&#8221;.vc_custom_1521216181397{margin-bottom: 0px !important;padding-top: 60px !important;padding-bottom: 60px !important;background-image: url(http:\/\/www.fia.cat\/wp-content\/uploads\/2016\/02\/1-9.jpg?id=7991) !important;background-position: center !important;background-repeat: no-repeat !important;background-size: cover !important;}&#8221; el_class=&#8221;new-h1-style&#8221;][vc_column][vc_row_inner content_placement=&#8221;middle&#8221; el_class=&#8221;top-line&#8221;][vc_column_inner width=&#8221;5\/12&#8243; css=&#8221;.vc_custom_1461400763131{margin-right: -100px !important;padding-left: 190px !important;}&#8221; offset=&#8221;vc_col-xs-5 vc_hidden-xs&#8221;][vc_separator color=&#8221;custom&#8221; border_width=&#8221;2&#8243; accent_color=&#8221;#ffffff&#8221;][\/vc_column_inner][vc_column_inner width=&#8221;1\/6&#8243; offset=&#8221;vc_col-xs-2 vc_hidden-xs&#8221;]<div class=\"centered-box\"><div class=\"gem-icon gem-icon-pack-elegant gem-icon-size-small  gem-icon-shape-square gem-simple-icon\"  style=\"margin-top: -20px;opacity: 1;\"><div class=\"gem-icon-inner\" style=\"\"><span class=\"gem-icon-half-1\" style=\"color: #ffffff;\"><span class=\"back-angle\">&#xe031;<\/span><\/span><span class=\"gem-icon-half-2\" style=\"color: #ffffff;\"><span class=\"back-angle\">&#xe031;<\/span><\/span><\/div><\/div><\/div>[\/vc_column_inner][vc_column_inner width=&#8221;5\/12&#8243; css=&#8221;.vc_custom_1461400779581{margin-left: -100px !important;padding-right: 190px !important;}&#8221; offset=&#8221;vc_col-xs-5 vc_hidden-xs&#8221;][vc_separator color=&#8221;custom&#8221; border_width=&#8221;2&#8243; accent_color=&#8221;#ffffff&#8221;][\/vc_column_inner][\/vc_row_inner]<div class=\"clearboth\"><\/div><style>#thegem-divider-69e8bec64baa5 {margin-top: 35px !important;}<\/style><div id=\"thegem-divider-69e8bec64baa5\" class=\"gem-divider  \" style=\"\" ><\/div>[vc_column_text css_animation=&#8221;bottom-to-top&#8221;][\/vc_column_text]<div class=\"clearboth\"><\/div><style>#thegem-divider-69e8bec64be30 {margin-top: 50px !important;}<\/style><div id=\"thegem-divider-69e8bec64be30\" class=\"gem-divider  \" style=\"\" ><\/div>[\/vc_column][\/vc_row][vc_row][vc_column]<div class=\"clearboth\"><\/div><style>#thegem-divider-69e8bec64be9e {margin-top: 90px !important;}<\/style><div id=\"thegem-divider-69e8bec64be9e\" class=\"gem-divider  \" style=\"\" ><\/div>[vc_column_text css_animation=&#8221;top-to-bottom&#8221;]<\/p>\n<h1 style=\"text-align: center;\"><span class=\"light\">AVISO<\/span> LEGAL<\/h1>\n<p>[\/vc_column_text]<div class=\"clearboth\"><\/div><style>#thegem-divider-69e8bec64bef6 {margin-top: 25px !important;}<\/style><div id=\"thegem-divider-69e8bec64bef6\" class=\"gem-divider  \" style=\"\" ><\/div>[vc_column_text css_animation=&#8221;top-to-bottom&#8221;]<strong>Objeto y aceptaci\u00f3n<\/strong><\/p>\n<p>El presente AVISO legal regula el uso de nuestra web, de la que es titular FONT I ARMENGOL SL La navegaci\u00f3n por la p\u00e1gina web de FONT I ARMENGOL SL atribuye la condici\u00f3n de usuario del mismo e implica la total aceptaci\u00f3n y sin reservas de todas y cada una de las disposiciones incluidas en este Aviso Legal, que pueden sufrir modificaciones. Se requiere hacer un uso correcto del sitio web de conformidad con las leyes, buena fe, orden p\u00fablico, usos del tr\u00e1fico y el presente Aviso Legal. Le responder\u00e1 ante FONT I ARMENGOL SL o frente a terceros, de cualquier da\u00f1o y perjuicio que pueda ocasionarse como consecuencia del incumplimiento de esta obligaci\u00f3n.<\/p>\n<p>&nbsp;<\/p>\n<p><strong>Identificaci\u00f3n y comunicaciones<\/strong><\/p>\n<p>FONT I ARMENGOL SL, en cumplimiento de la Ley 34\/2002, de 11 de julio, de servicios de la sociedad de la informaci\u00f3n y de comercio electr\u00f3nico, informa que:<\/p>\n<p>&nbsp;<\/p>\n<p>Su denominaci\u00f3n social es: FONT I ARMENGOL SL<\/p>\n<p>Su CIF es: B62462726<\/p>\n<p>Su domicilio social est\u00e1 en: POL.IND. LAS SALERES NAVE 3 &#8211; (08513) PRATS DE LLU\u00c7ANES<\/p>\n<p>Para comunicarse con nosotros, ponemos a su disposici\u00f3n diferentes medios de contacto especificados en la pol\u00edtica de privacidad.<\/p>\n<p>Todas las notificaciones y comunicaciones que se realicen con FONT I ARMENGOL SL se considerar\u00e1n efectivas, a todos los efectos, siempre que se realicen por medios especificados anteriormente<\/p>\n<p><strong> <\/strong><\/p>\n<p><strong>Condiciones de acceso y utilizaci\u00f3n<\/strong><\/p>\n<p>La web y sus servicios son de libre acceso, no obstante, FONT I ARMENGOL SL condiciona la utilizaci\u00f3n de algunos de los servicios ofrecidos en su web al previo cumplimiento del correspondiente formulario.<\/p>\n<p>Usted garantiza la autenticidad y actualidad de todos aquellos datos que comunicar\u00e1 a FONT I ARMENGOL SL y ser\u00e1 el \u00fanico responsable de las manifestaciones falsas o inexactas que realice.<\/p>\n<p>Usted se compromete expresamente a hacer un uso adecuado de los contenidos y servicios de FONT I ARMENGOL SL y no utilizarlos para, entre otros:<\/p>\n<ul>\n<li>Difundir contenidos, criminales, violentos, pornogr\u00e1ficos, racistas, xen\u00f3fobos, ofensivos, de apolog\u00eda del terrorismo o, en general, contrarios a la ley o al orden p\u00fablico.<\/li>\n<li>Introducir en la red inform\u00e1tica virus o realizar actuaciones susceptibles de alteraci\u00f3n, estropear, interrumpir o generar errores o da\u00f1os en los documentos electr\u00f3nicos, datos o sistemas f\u00edsicos y log\u00edsticos de FONT I ARMENGOL SL o de terceras personas; as\u00ed como obstaculizar el acceso de otros usuarios al sitio web ya sus servicios mediante el consumo masivo de los recursos inform\u00e1ticos a trav\u00e9s de los cuales FONT I ARMENGOL SL presta sus servicios.<\/li>\n<li>Intentar acceder a datos de otras personas oa \u00e1reas restringidas de los sistemas inform\u00e1ticos de FONT Y ARMENGOL SL o de terceros y, en su caso, extraer informaci\u00f3n.<\/li>\n<li>Vulnerar los derechos de propiedad intelectual o industrial, as\u00ed como violar la confidencialidad de la informaci\u00f3n de FONT I ARMENGOL SL o de terceros.<\/li>\n<li>Sustituir la identidad de otro usuario, de las administraciones p\u00fablicas o de un tercero.<\/li>\n<li>Reproducir, copiar, distribuir, poner a disposici\u00f3n o de cualquier otra forma comunicarse p\u00fablicamente, transformar o modificar los contenidos, a menos que se cuente con la autorizaci\u00f3n del titular de los correspondientes derechos o sea legalmente permitido.<\/li>\n<li>Recopilar datos con finalidad publicitaria y remitir publicidad de cualquier clase y comunicaciones con fines de venta u otros de naturaleza comercial sin previa solicitud o consentimiento.<\/li>\n<\/ul>\n<p>Todos los contenidos del sitio web, como textos, fotograf\u00edas, gr\u00e1ficos, im\u00e1genes, iconos, tecnolog\u00eda, software, as\u00ed como su dise\u00f1o gr\u00e1fico y c\u00f3digo fuente, constituyen una obra cuya propiedad pertenece a FONT I ARMENGOL SL, sin que se pueda entender c\u00f3mo cedidos ninguno de los derechos de explotaci\u00f3n sobre los mismos m\u00e1s all\u00e1 de lo que estrictamente sea necesario para el correcto uso de la web.<\/p>\n<p>En definitiva, usted que accede a esta web, puede visualizar los contenidos y efectuar, en su caso, copias privadas autorizadas siempre que los elementos reproducidos no se cedan posteriormente a terceros, ni se instalen en servidores conectados a redes, ni sean objeto de ning\u00fan tipo de explotaci\u00f3n.<\/p>\n<p>Asimismo, todas las marcas, nombres comerciales o signos distintivos de cualquier clase que aparezcan en el sitio web son propiedad de FONT I ARMENGOL SL, sin que pueda entenderse que su uso o acceso le atribuye alg\u00fan derecho sobre los mismos.<\/p>\n<p>La distribuci\u00f3n, modificaci\u00f3n, cesi\u00f3n o comunicaci\u00f3n p\u00fablica de los contenidos y cualquier otro acto que no haya sido expresamente autorizado por el titular de los derechos de explotaci\u00f3n quedar\u00e1n prohibidos.<\/p>\n<p>El establecimiento de un h\u00edper-enlace no implica en ning\u00fan caso la existencia de relaciones entre FONT I ARMENGOL SL y el propietario de la web en la que se establezca, ni la aceptaci\u00f3n y aprobaci\u00f3n por parte de FONT I ARMENGOL SL de los sus contenidos o servicios. Aquellas personas que se propongan establecer un h\u00edper-enlace previamente tendr\u00e1n que solicitar la autorizaci\u00f3n por escrito a FONT I ARMENGOL SL En todo caso, el h\u00edper-enlace s\u00f3lo permitir\u00e1 el acceso a la p\u00e1gina de inicio o p\u00e1gina de inicio de nuestra web, adem\u00e1s de abstenerse de realizar manifestaciones o indicaciones falsas, inexactas o incorrectas sobre FONT I ARMENGOL SL, o incluir contenidos il\u00edcitos, contrarios a las buenas costumbres y al orden p\u00fablico.<\/p>\n<p>FONT I ARMENGOL SL no se responsabiliza del uso que cada usuario le asigne a los materiales puestos a disposici\u00f3n en esta web ni de las actuaciones que realice en base a los mismos.<\/p>\n<p><strong> <\/strong><\/p>\n<p><strong>Exclusi\u00f3n de garant\u00edas y de responsabilidad<\/strong><\/p>\n<p>INFORMATICA LLU\u00c7ANES SL excluye, hasta donde permite el ordenamiento jur\u00eddico, cualquier responsabilidad por los da\u00f1os y perjuicios de toda naturaleza derivados de:<\/p>\n<p>La imposibilidad de acceso a la web o la falta de veracidad, exactitud, exhaustividad y\/o actualidad de los contenidos, as\u00ed como la existencia de costumbres y defectos de toda clase de contenidos transmitidos, difundidos, almacenados, puestos a disposici\u00f3n a los que se ha accedido a trav\u00e9s del sitio web o de los servicios que se ofrecen.<\/p>\n<p>La presencia de virus u otros elementos en los contenidos que puedan producir alteraciones en sistemas inform\u00e1ticos, documentos electr\u00f3nicos o datos de los usuarios.<\/p>\n<p>El incumplimiento de las leyes, buena fe, orden p\u00fablico, usos del tr\u00e1fico y el presente aviso legal como consecuencia del uso incorrecto del sitio web. En concreto, ya como ejemplo, INFORMATICA LLU\u00c7ANES SL no se hace responsable de las actuaciones de terceros que vulneren derechos de propiedad intelectual e industrial, secreto empresariales, derechos al honor, a la intimidad personal y familiar ya la propia imagen , as\u00ed como la normativa en materia de competencia desleal y publicidad il\u00edcita.<\/p>\n<p>Asimismo, INFORMATICA LLU\u00c7ANES SL declina cualquier responsabilidad respecto a la informaci\u00f3n que se encuentra fuera de esta web y no es gestionada directamente por nuestra web master. La funci\u00f3n de los enlaces que aparecen en esta web es exclusivamente la de informar al usuario sobre la existencia de otras fuentes susceptibles de ampliar los contenidos ofrecidos por esta web. INFORMATICA LLU\u00c7ANES SL no garantiza ni se responsabiliza del funcionamiento o accesibilidad de los sitios enlazados; no sugiere, invita o recomienda la visita a los mismos, por lo que tampoco ser\u00e1 responsable del resultado obtenido. INFORMATICA LLU\u00c7ANES SL no se responsabiliza del establecimiento de h\u00edper v\u00ednculos por parte de terceros.<\/p>\n<p>&nbsp;<\/p>\n<p><strong>Procedimiento en caso de realizaci\u00f3n de actividades de car\u00e1cter il\u00edcito<\/strong><\/p>\n<p>En caso de que usted o un tercero considere que existen hechos o circunstancias que revelan el car\u00e1cter il\u00edcito de la utilizaci\u00f3n de cualquier contenido y\/o de la realizaci\u00f3n de cualquier actividad en las p\u00e1ginas web incluidas o accesibles a trav\u00e9s de la p\u00e1gina web, deben ponerse en contacto con INFORMATICA LLU\u00c7ANES SL identific\u00e1ndose adecuadamente, especificando las supuestas infracciones y declarando expresamente y bajo su responsabilidad que la informaci\u00f3n proporcionada en la notificaci\u00f3n es exacta.<\/p>\n<p>Para toda cuesti\u00f3n litigiosa que haga referencia al sitio web de INFORMATICA LLU\u00c7ANES SL, ser\u00e1 de aplicaci\u00f3n la legislaci\u00f3n espa\u00f1ola, siendo competentes los Juzgados y Tribunales m\u00e1s cercanos a la sede de (Espa\u00f1a).<\/p>\n<p>&nbsp;<\/p>\n<p><strong>Publicaciones<\/strong><\/p>\n<p>La informaci\u00f3n administrada facilitada a trav\u00e9s del sitio web no sustituye a la publicidad legal de las leyes, normativas, planes, disposiciones generales y actas que deban ser publicados formalmente en los diarios oficiales de las administraciones p\u00fablicas, que constituyen el \u00fanico instrumento que da fe de la su autenticidad y contenido. La informaci\u00f3n disponible en este sitio web debe ser entendida como una gu\u00eda sin prop\u00f3sito de validez legal.[\/vc_column_text]<div class=\"clearboth\"><\/div><style>#thegem-divider-69e8bec64bf37 {margin-top: 40px !important;}<\/style><div id=\"thegem-divider-69e8bec64bf37\" class=\"gem-divider  \" style=\"\" ><\/div>[\/vc_column][\/vc_row][vc_row full_width=&#8221;stretch_row_content_no_spaces&#8221;][vc_column]<div class=\"clearboth\"><\/div><style>#thegem-divider-69e8bec64bf76 {margin-top: 60px !important;}<\/style><div id=\"thegem-divider-69e8bec64bf76\" class=\"gem-divider  \" style=\"\" ><\/div>[vc_single_image image=&#8221;25087&#8243; img_size=&#8221;full&#8221; alignment=&#8221;center&#8221;]<div class=\"clearboth\"><\/div><style>#thegem-divider-69e8bec64bfaf {margin-top: 60px !important;}<\/style><div id=\"thegem-divider-69e8bec64bfaf\" class=\"gem-divider  \" style=\"\" ><\/div>[\/vc_column][\/vc_row]<\/p>\n<\/div>","protected":false},"excerpt":{"rendered":"<p>[vc_row full_width=&#8221;stretch_row&#8221; content_placement=&#8221;middle&#8221; css=&#8221;.vc_custom_1521216181397{margin-bottom: 0px !important;padding-top: 60px !important;padding-bottom: 60px !important;background-image: url(http:\/\/www.fia.cat\/wp-content\/uploads\/2016\/02\/1-9.jpg?id=7991) !important;background-position: center !important;background-repeat: no-repeat !important;background-size: cover !important;}&#8221; el_class=&#8221;new-h1-style&#8221;][vc_column][vc_row_inner content_placement=&#8221;middle&#8221;&#8230;<\/p>\n","protected":false},"author":1,"featured_media":0,"parent":0,"menu_order":0,"comment_status":"closed","ping_status":"closed","template":"","meta":{"om_disable_all_campaigns":false,"_exactmetrics_skip_tracking":false,"_exactmetrics_sitenote_active":false,"_exactmetrics_sitenote_note":"","_exactmetrics_sitenote_category":0,"footnotes":""},"aioseo_notices":[],"_links":{"self":[{"href":"https:\/\/www.fia.cat\/es\/wp-json\/wp\/v2\/pages\/27136"}],"collection":[{"href":"https:\/\/www.fia.cat\/es\/wp-json\/wp\/v2\/pages"}],"about":[{"href":"https:\/\/www.fia.cat\/es\/wp-json\/wp\/v2\/types\/page"}],"author":[{"embeddable":true,"href":"https:\/\/www.fia.cat\/es\/wp-json\/wp\/v2\/users\/1"}],"replies":[{"embeddable":true,"href":"https:\/\/www.fia.cat\/es\/wp-json\/wp\/v2\/comments?post=27136"}],"version-history":[{"count":12,"href":"https:\/\/www.fia.cat\/es\/wp-json\/wp\/v2\/pages\/27136\/revisions"}],"predecessor-version":[{"id":27316,"href":"https:\/\/www.fia.cat\/es\/wp-json\/wp\/v2\/pages\/27136\/revisions\/27316"}],"wp:attachment":[{"href":"https:\/\/www.fia.cat\/es\/wp-json\/wp\/v2\/media?parent=27136"}],"curies":[{"name":"wp","href":"https:\/\/api.w.org\/{rel}","templated":true}]}}